{"id":1585,"date":"2015-12-08T21:45:07","date_gmt":"2015-12-08T21:45:07","guid":{"rendered":"http:\/\/demo.ekokoncept.com\/en\/?page_id=1585"},"modified":"2022-10-16T22:27:02","modified_gmt":"2022-10-16T22:27:02","slug":"legal-notice","status":"publish","type":"page","link":"https:\/\/www.ekokoncept.com\/en\/legal-notice\/","title":{"rendered":"Legal notice"},"content":{"rendered":"<h1>ekokoncept d.o.o. &#8211; Legal notice<\/h1>\n<p><strong>Avtorske pravice<\/strong><\/p>\n<p>Podjetje Eko koncept d.o.o. je nosilec materialnih avtorskih pravic nad vsebinami v naj\u0161ir\u0161em pomenu (besedila, slike, grafike, animacije in drugi dokumenti), objavljenimi na spletni strani ekokoncept.com, ekokoncept.eu in ekokoncept.si. Vsebine so v zakonsko dovoljenem okviru predmet avtorske za\u0161\u010dite ali druge oblike za\u0161\u010dite intelektualne lastnine. Vsebino spletnih strani ni dovoljeno kopirati, razpe\u010davati, spremeniti ali na kakr\u0161enkoli drug na\u010din reproducirati, razen v primeru pisnega soglasja podjetja. Eko koncept d.o.o., ki aktivno uveljavlja svoje pravice do intelektualne lastnine v najve\u010dji mo\u017eni meri, ki jo dovoljuje zakon.<\/p>\n<p><strong>Varstvo osebnih podatkov<\/strong><\/p>\n<p>Podjetje Eko koncept d.o.o. zagotavlja, da v skladu z Zakonom o varstvu osebnih podatkov po svojih najbolj\u0161ih mo\u010deh varuje osebne podatke uporabnikov na\u0161ih spletnih strani.<\/p>\n<p>Vsi podatki bodo obravnavani zaupno in bodo uporabljeni zgolj za interno evidenco in v namen, zaradi \u010desar so bili posredovani. Podatki uporabnikov spletne strani bodo skrbno varovani pred izgubo, zlorabo, nepoobla\u0161\u010denim dostopom, razkrivanjem, spreminjanjem ali uni\u010denjem.<\/p>\n<p><strong>Nespo\u0161tovanje dolo\u010db iz pravnega obvestila<\/strong><\/p>\n<p>Eko koncept d.o.o. in avtorji vsebin, objavljenih na spletnih straneh, od uporabnika pri\u010dakujejo, da bo spo\u0161toval dolo\u010dbe in zakone s podro\u010dja varovanja zasebnosti, prava intelektualne lastnine ter avtorskega prava.V nasprotnem primeru bodo ob odkritju zlorabe in kr\u0161enja zakonov proti storilcu prisiljeni ukrepati.<\/p>\n<p><strong>Odgovornost podjetja<\/strong><\/p>\n<p>Podjetje Eko koncept d.o.o. se obvezuje, da bo v dobri veri in v okviru svojih zmo\u017enosti skrbelo za pravilnost in a\u017eurnost objavljenih vsebin na spletnih straneh. Kljub temu podjetje Eko koncept d.o.o. ne more jam\u010diti za a\u017eurnost, to\u010dnost ali pravilnost vseh informacij na straneh. Vse informacije na spletnih straneh se lahko spremenijo brez predhodnega obvestila. Eko koncept d.o.o. ne izklju\u010duje mo\u017enosti za pojav napak med objavljenimi vsebinami. Informacije na tem spletnem mestu so zgolj informativne narave, saj podjetje ne more prevzeti odgovornosti za njihovo absolutno to\u010dnost. Prav tako podjetje ne sprejema odgovornosti za kakr\u0161nokoli \u0161kodo, ki bi neposredno ali posredno nastala zaradi uporabe, nepravilnega delovanja in\/ali nedostopnosti do teh spletnih strani. Cene so okvirne in fotografije simboli\u010dne.<\/p>\n","protected":false},"excerpt":{"rendered":"<p>ekokoncept d.o.o. &#8211; Legal notice Avtorske pravice Podjetje Eko koncept d.o.o. je nosilec materialnih avtorskih pravic nad vsebinami v naj\u0161ir\u0161em pomenu (besedila, slike, grafike, animacije in drugi dokumenti), objavljenimi na spletni strani ekokoncept.com, ekokoncept.eu in ekokoncept.si. Vsebine so v zakonsko dovoljenem okviru predmet avtorske za\u0161\u010dite ali druge oblike za\u0161\u010dite intelektualne lastnine. Vsebino spletnih strani ni&#8230;<\/p>\n","protected":false},"author":3,"featured_media":0,"parent":0,"menu_order":0,"comment_status":"closed","ping_status":"closed","template":"","meta":[],"acf":[],"yoast_head":"<!-- This site is optimized with the Yoast SEO plugin v19.8 - https:\/\/yoast.com\/wordpress\/plugins\/seo\/ -->\n<title>Legal notice - ekokoncept<\/title>\n<meta name=\"robots\" content=\"index, follow, max-snippet:-1, max-image-preview:large, max-video-preview:-1\" \/>\n<link rel=\"canonical\" href=\"https:\/\/www.ekokoncept.com\/en\/legal-notice\/\" \/>\n<meta property=\"og:locale\" content=\"en_US\" \/>\n<meta property=\"og:type\" content=\"article\" \/>\n<meta property=\"og:title\" content=\"Legal notice - ekokoncept\" \/>\n<meta property=\"og:description\" content=\"ekokoncept d.o.o. &#8211; Legal notice Avtorske pravice Podjetje Eko koncept d.o.o. je nosilec materialnih avtorskih pravic nad vsebinami v naj\u0161ir\u0161em pomenu (besedila, slike, grafike, animacije in drugi dokumenti), objavljenimi na spletni strani ekokoncept.com, ekokoncept.eu in ekokoncept.si. Vsebine so v zakonsko dovoljenem okviru predmet avtorske za\u0161\u010dite ali druge oblike za\u0161\u010dite intelektualne lastnine. Vsebino spletnih strani ni...\" \/>\n<meta property=\"og:url\" content=\"https:\/\/www.ekokoncept.com\/en\/legal-notice\/\" \/>\n<meta property=\"og:site_name\" content=\"ekokoncept\" \/>\n<meta property=\"article:publisher\" content=\"https:\/\/www.facebook.com\/ekokoncept.net\/\" \/>\n<meta property=\"article:modified_time\" content=\"2022-10-16T22:27:02+00:00\" \/>\n<meta name=\"twitter:card\" content=\"summary_large_image\" \/>\n<meta name=\"twitter:label1\" content=\"Est. reading time\" \/>\n\t<meta name=\"twitter:data1\" content=\"2 minutes\" \/>\n<script type=\"application\/ld+json\" class=\"yoast-schema-graph\">{\"@context\":\"https:\/\/schema.org\",\"@graph\":[{\"@type\":\"WebPage\",\"@id\":\"https:\/\/www.ekokoncept.com\/en\/legal-notice\/\",\"url\":\"https:\/\/www.ekokoncept.com\/en\/legal-notice\/\",\"name\":\"Legal notice - ekokoncept\",\"isPartOf\":{\"@id\":\"https:\/\/www.ekokoncept.com\/en\/#website\"},\"datePublished\":\"2015-12-08T21:45:07+00:00\",\"dateModified\":\"2022-10-16T22:27:02+00:00\",\"breadcrumb\":{\"@id\":\"https:\/\/www.ekokoncept.com\/en\/legal-notice\/#breadcrumb\"},\"inLanguage\":\"en-US\",\"potentialAction\":[{\"@type\":\"ReadAction\",\"target\":[\"https:\/\/www.ekokoncept.com\/en\/legal-notice\/\"]}]},{\"@type\":\"BreadcrumbList\",\"@id\":\"https:\/\/www.ekokoncept.com\/en\/legal-notice\/#breadcrumb\",\"itemListElement\":[{\"@type\":\"ListItem\",\"position\":1,\"name\":\"Home\",\"item\":\"https:\/\/www.ekokoncept.com\/en\/home\/\"},{\"@type\":\"ListItem\",\"position\":2,\"name\":\"Legal notice\"}]},{\"@type\":\"WebSite\",\"@id\":\"https:\/\/www.ekokoncept.com\/en\/#website\",\"url\":\"https:\/\/www.ekokoncept.com\/en\/\",\"name\":\"ekokoncept\",\"description\":\"\",\"publisher\":{\"@id\":\"https:\/\/www.ekokoncept.com\/en\/#organization\"},\"potentialAction\":[{\"@type\":\"SearchAction\",\"target\":{\"@type\":\"EntryPoint\",\"urlTemplate\":\"https:\/\/www.ekokoncept.com\/en\/?s={search_term_string}\"},\"query-input\":\"required name=search_term_string\"}],\"inLanguage\":\"en-US\"},{\"@type\":\"Organization\",\"@id\":\"https:\/\/www.ekokoncept.com\/en\/#organization\",\"name\":\"ekokoncept\",\"url\":\"https:\/\/www.ekokoncept.com\/en\/\",\"sameAs\":[\"https:\/\/si.linkedin.com\/in\/ekokoncept-prefabricated-buildings-12284820\",\"https:\/\/www.instagram.com\/eko_koncept\/\",\"https:\/\/www.youtube.com\/channel\/UCcpdqNYepsO3pi_cGSPiJNw\",\"https:\/\/www.facebook.com\/ekokoncept.net\/\"],\"logo\":{\"@type\":\"ImageObject\",\"inLanguage\":\"en-US\",\"@id\":\"https:\/\/www.ekokoncept.com\/en\/#\/schema\/logo\/image\/\",\"url\":\"https:\/\/ekokoncept.com\/wp-content\/uploads\/2019\/10\/montazne-hise-ekokoncept.png\",\"contentUrl\":\"https:\/\/ekokoncept.com\/wp-content\/uploads\/2019\/10\/montazne-hise-ekokoncept.png\",\"width\":320,\"height\":68,\"caption\":\"ekokoncept\"},\"image\":{\"@id\":\"https:\/\/www.ekokoncept.com\/en\/#\/schema\/logo\/image\/\"}}]}<\/script>\n<!-- \/ Yoast SEO plugin. -->","yoast_head_json":{"title":"Legal notice - ekokoncept","robots":{"index":"index","follow":"follow","max-snippet":"max-snippet:-1","max-image-preview":"max-image-preview:large","max-video-preview":"max-video-preview:-1"},"canonical":"https:\/\/www.ekokoncept.com\/en\/legal-notice\/","og_locale":"en_US","og_type":"article","og_title":"Legal notice - ekokoncept","og_description":"ekokoncept d.o.o. &#8211; Legal notice Avtorske pravice Podjetje Eko koncept d.o.o. je nosilec materialnih avtorskih pravic nad vsebinami v naj\u0161ir\u0161em pomenu (besedila, slike, grafike, animacije in drugi dokumenti), objavljenimi na spletni strani ekokoncept.com, ekokoncept.eu in ekokoncept.si. Vsebine so v zakonsko dovoljenem okviru predmet avtorske za\u0161\u010dite ali druge oblike za\u0161\u010dite intelektualne lastnine. Vsebino spletnih strani ni...","og_url":"https:\/\/www.ekokoncept.com\/en\/legal-notice\/","og_site_name":"ekokoncept","article_publisher":"https:\/\/www.facebook.com\/ekokoncept.net\/","article_modified_time":"2022-10-16T22:27:02+00:00","twitter_card":"summary_large_image","twitter_misc":{"Est. reading time":"2 minutes"},"schema":{"@context":"https:\/\/schema.org","@graph":[{"@type":"WebPage","@id":"https:\/\/www.ekokoncept.com\/en\/legal-notice\/","url":"https:\/\/www.ekokoncept.com\/en\/legal-notice\/","name":"Legal notice - ekokoncept","isPartOf":{"@id":"https:\/\/www.ekokoncept.com\/en\/#website"},"datePublished":"2015-12-08T21:45:07+00:00","dateModified":"2022-10-16T22:27:02+00:00","breadcrumb":{"@id":"https:\/\/www.ekokoncept.com\/en\/legal-notice\/#breadcrumb"},"inLanguage":"en-US","potentialAction":[{"@type":"ReadAction","target":["https:\/\/www.ekokoncept.com\/en\/legal-notice\/"]}]},{"@type":"BreadcrumbList","@id":"https:\/\/www.ekokoncept.com\/en\/legal-notice\/#breadcrumb","itemListElement":[{"@type":"ListItem","position":1,"name":"Home","item":"https:\/\/www.ekokoncept.com\/en\/home\/"},{"@type":"ListItem","position":2,"name":"Legal notice"}]},{"@type":"WebSite","@id":"https:\/\/www.ekokoncept.com\/en\/#website","url":"https:\/\/www.ekokoncept.com\/en\/","name":"ekokoncept","description":"","publisher":{"@id":"https:\/\/www.ekokoncept.com\/en\/#organization"},"potentialAction":[{"@type":"SearchAction","target":{"@type":"EntryPoint","urlTemplate":"https:\/\/www.ekokoncept.com\/en\/?s={search_term_string}"},"query-input":"required name=search_term_string"}],"inLanguage":"en-US"},{"@type":"Organization","@id":"https:\/\/www.ekokoncept.com\/en\/#organization","name":"ekokoncept","url":"https:\/\/www.ekokoncept.com\/en\/","sameAs":["https:\/\/si.linkedin.com\/in\/ekokoncept-prefabricated-buildings-12284820","https:\/\/www.instagram.com\/eko_koncept\/","https:\/\/www.youtube.com\/channel\/UCcpdqNYepsO3pi_cGSPiJNw","https:\/\/www.facebook.com\/ekokoncept.net\/"],"logo":{"@type":"ImageObject","inLanguage":"en-US","@id":"https:\/\/www.ekokoncept.com\/en\/#\/schema\/logo\/image\/","url":"https:\/\/ekokoncept.com\/wp-content\/uploads\/2019\/10\/montazne-hise-ekokoncept.png","contentUrl":"https:\/\/ekokoncept.com\/wp-content\/uploads\/2019\/10\/montazne-hise-ekokoncept.png","width":320,"height":68,"caption":"ekokoncept"},"image":{"@id":"https:\/\/www.ekokoncept.com\/en\/#\/schema\/logo\/image\/"}}]}},"_links":{"self":[{"href":"https:\/\/www.ekokoncept.com\/en\/wp-json\/wp\/v2\/pages\/1585"}],"collection":[{"href":"https:\/\/www.ekokoncept.com\/en\/wp-json\/wp\/v2\/pages"}],"about":[{"href":"https:\/\/www.ekokoncept.com\/en\/wp-json\/wp\/v2\/types\/page"}],"author":[{"embeddable":true,"href":"https:\/\/www.ekokoncept.com\/en\/wp-json\/wp\/v2\/users\/3"}],"replies":[{"embeddable":true,"href":"https:\/\/www.ekokoncept.com\/en\/wp-json\/wp\/v2\/comments?post=1585"}],"version-history":[{"count":1,"href":"https:\/\/www.ekokoncept.com\/en\/wp-json\/wp\/v2\/pages\/1585\/revisions"}],"predecessor-version":[{"id":589738,"href":"https:\/\/www.ekokoncept.com\/en\/wp-json\/wp\/v2\/pages\/1585\/revisions\/589738"}],"wp:attachment":[{"href":"https:\/\/www.ekokoncept.com\/en\/wp-json\/wp\/v2\/media?parent=1585"}],"curies":[{"name":"wp","href":"https:\/\/api.w.org\/{rel}","templated":true}]}}